{"id":193,"date":"2021-11-09T22:09:45","date_gmt":"2021-11-09T22:09:45","guid":{"rendered":"https:\/\/backstrands.nu\/?page_id=193"},"modified":"2024-11-20T14:07:05","modified_gmt":"2024-11-20T14:07:05","slug":"kunder","status":"publish","type":"page","link":"https:\/\/backstrands.nu\/?page_id=193","title":{"rendered":"Kunder \/ Recensioner"},"content":{"rendered":"\n<p>Kunder i f\u00f6ljande pr\u00f6vningsgrupper:<\/p>\n\n\n\n<ul class=\"wp-block-list\">\n<li>100_1 Fylle\u00e5n<\/li>\n\n\n\n<li>102_1 Suse\u00e5n<\/li>\n\n\n\n<li>103_1 \u00c4tran fr\u00e5n havet inkl H\u00f6gvads\u00e5n<\/li>\n\n\n\n<li>107_1 Kungsbacka\u00e5n<\/li>\n\n\n\n<li>108_9 M\u00f6lndals\u00e5n<\/li>\n\n\n\n<li>53_9 Siljan med bifl\u00f6den<\/li>\n\n\n\n<li>67_5 V\u00e4ttern S\u00f6dra<\/li>\n\n\n\n<li>67_9 V\u00e4ttern Norra<\/li>\n\n\n\n<li>75_1 Alster\u00e5n<\/li>\n\n\n\n<li>99_1 Genevads\u00e5n<\/li>\n<\/ul>\n\n\n\n<p>N\u00e5gra av dessa bolag:<\/p>\n\n\n\n<ul class=\"wp-block-list\">\n<li>LM Kraft AB &#8211; Fylle\u00e5n<\/li>\n\n\n\n<li>Knobesholm AB &#8211; Suse\u00e5n<\/li>\n\n\n\n<li>Stampens kvarn AB &#8211; V\u00e4ttern Norra<\/li>\n\n\n\n<li>Wirator st\u00e5llinor AB &#8211; Kungsbacka\u00e5n<\/li>\n\n\n\n<li>Watturo power production AB &#8211; Kungsbacka\u00e5n<\/li>\n\n\n\n<li>Power progress AB &#8211; Siljan med bifl\u00f6de<\/li>\n\n\n\n<li>Alsterkraft AB &#8211; Alster\u00e5n<\/li>\n\n\n\n<li>Forsnacken AB <\/li>\n\n\n\n<li>Nilssons kraft AB<\/li>\n\n\n\n<li>Consid AB (Socialstyrelsen)<\/li>\n\n\n\n<li>Paneo AB<\/li>\n<\/ul>\n\n\n\n<p><strong>Recension fr\u00e5n Paneo AB<\/strong><a href=\"https:\/\/www.linkedin.com\/in\/paulina-rautio\"><\/a><\/p>\n\n\n\n<blockquote class=\"wp-block-quote is-layout-flow wp-block-quote-is-layout-flow\">\n<p><a href=\"https:\/\/www.linkedin.com\/in\/paulina-rautio\">Milj\u00f6jurist<\/a> <a href=\"https:\/\/www.linkedin.com\/in\/paulina-rautio\">Paulina Rautio<\/a><\/p>\n\n\n\n<p>&#8221;Anna har hj\u00e4lpt mig med olika administrativa uppgifter, bland annat informationsh\u00e4mtning och informationssammanst\u00e4llning. Det har underl\u00e4ttat mycket f\u00f6r mig att f\u00e5 avlastning med de uppgifter som Anna har genomf\u00f6rt. Anna \u00e4r noggrann och st\u00e4ller de fr\u00e5gor som kr\u00e4vs f\u00f6r att hon ska komma vidare. Hon har ocks\u00e5 varit proaktiv i kommunikationen, vilket g\u00f6r att jag kan sl\u00e4ppa saker och ting till Anna och jag vet att hon g\u00f6r det hon lovar. Jag rekommenderar g\u00e4rna Anna.&#8221; <a href=\"https:\/\/paneo.se\/\">https:\/\/paneo.se\/<\/a> <\/p>\n<\/blockquote>\n\n\n\n<p><strong>Recension fr\u00e5n Alster\u00e5ns Kraftverksf\u00f6rening<\/strong> <\/p>\n\n\n\n<blockquote class=\"wp-block-quote is-layout-flow wp-block-quote-is-layout-flow\">\n<p>&#8221;Vi rekommendera g\u00e4rna B\u00e4ckstrands Administration d\u00e5 Anna har varit till stor hj\u00e4lp f\u00f6r oss I Alster\u00e5ns Kraftverksf\u00f6rening i samband med ompr\u00f6vningarna.<br>Magnus Edvinsson<br>Ordf Alster\u00e5ns Kraftverksf\u00f6rening Ek F\u00f6r&#8221;<\/p>\n<\/blockquote>\n\n\n\n<p><strong>Recension fr\u00e5n Bug\u00e4rde Kraftstation<\/strong><\/p>\n\n\n\n<blockquote class=\"wp-block-quote is-layout-flow wp-block-quote-is-layout-flow\">\n<p>&#8221;KANON!<\/p>\n\n\n\n<p>Underbart att l\u00e4mna ansvar till n\u00e5gon som kan sitt jobb och alltid st\u00e4ller upp s\u00e5 fort det \u00e4r n\u00e5got man undrar \u00f6ver&#8221; <\/p>\n<\/blockquote>\n\n\n\n<p class=\"has-text-align-left\"><strong>Recension fr\u00e5n Forsnacken AB<\/strong><\/p>\n\n\n\n<blockquote class=\"wp-block-quote is-layout-flow wp-block-quote-is-layout-flow\">\n<p>&#8221;Forsnacken AB har bara gott att s\u00e4ga om B\u00e4ckstrands Administration, jag vet inte hur vi skulle ha klarat Milj\u00f6fondens<br>byr\u00e5krati utan er. Forsnacken AB har nu nya \u00e4gare men skulle det<br>i framtiden bli aktuellt att brottas med Milj\u00f6fonden igen \u00e4r<br>B\u00e4ckstrands det sj\u00e4lvklara valet, jag kan verkligen rekommendera<br>f\u00f6retaget. Mikael Heineman&#8221;<\/p>\n<\/blockquote>\n\n\n\n<p><strong>Recension fr\u00e5n Socialstyrelsen<\/strong> <\/p>\n\n\n\n<blockquote class=\"wp-block-quote is-layout-flow wp-block-quote-is-layout-flow\">\n<p>Hej Anna!<\/p>\n<cite><em>Underlaget ser str\u00e5lande ut!<br>V\u00e4nligen Maral Jolstedt<br>Utredare, Socialstyrelsen<\/em><\/cite><\/blockquote>\n","protected":false},"excerpt":{"rendered":"<p>Kunder i f\u00f6ljande pr\u00f6vningsgrupper: N\u00e5gra av dessa bolag: Recension fr\u00e5n Paneo AB Milj\u00f6jurist Paulina Rautio &#8221;Anna har hj\u00e4lpt mig med olika administrativa uppgifter, bland annat informationsh\u00e4mtning och informationssammanst\u00e4llning. Det har underl\u00e4ttat mycket f\u00f6r mig att f\u00e5 avlastning med de uppgifter som Anna har genomf\u00f6rt. Anna \u00e4r noggrann och st\u00e4ller de fr\u00e5gor som kr\u00e4vs f\u00f6r att &#8230; <a title=\"Kunder \/ Recensioner\" class=\"read-more\" href=\"https:\/\/backstrands.nu\/?page_id=193\" aria-label=\"Mer p\u00e5 Kunder \/ Recensioner\">L\u00e4s mer<\/a><\/p>\n","protected":false},"author":1,"featured_media":0,"parent":0,"menu_order":0,"comment_status":"closed","ping_status":"closed","template":"","meta":{"footnotes":""},"class_list":["post-193","page","type-page","status-publish"],"_links":{"self":[{"href":"https:\/\/backstrands.nu\/index.php?rest_route=\/wp\/v2\/pages\/193","targetHints":{"allow":["GET"]}}],"collection":[{"href":"https:\/\/backstrands.nu\/index.php?rest_route=\/wp\/v2\/pages"}],"about":[{"href":"https:\/\/backstrands.nu\/index.php?rest_route=\/wp\/v2\/types\/page"}],"author":[{"embeddable":true,"href":"https:\/\/backstrands.nu\/index.php?rest_route=\/wp\/v2\/users\/1"}],"replies":[{"embeddable":true,"href":"https:\/\/backstrands.nu\/index.php?rest_route=%2Fwp%2Fv2%2Fcomments&post=193"}],"version-history":[{"count":21,"href":"https:\/\/backstrands.nu\/index.php?rest_route=\/wp\/v2\/pages\/193\/revisions"}],"predecessor-version":[{"id":508,"href":"https:\/\/backstrands.nu\/index.php?rest_route=\/wp\/v2\/pages\/193\/revisions\/508"}],"wp:attachment":[{"href":"https:\/\/backstrands.nu\/index.php?rest_route=%2Fwp%2Fv2%2Fmedia&parent=193"}],"curies":[{"name":"wp","href":"https:\/\/api.w.org\/{rel}","templated":true}]}}