{"id":282,"date":"2022-02-18T13:54:06","date_gmt":"2022-02-18T13:54:06","guid":{"rendered":"https:\/\/backstrands.nu\/?page_id=282"},"modified":"2024-11-20T16:19:29","modified_gmt":"2024-11-20T16:19:29","slug":"virtuell-assistent","status":"publish","type":"page","link":"https:\/\/backstrands.nu\/?page_id=282","title":{"rendered":"Virtuell assistent \/ Transport"},"content":{"rendered":"\n<h2 class=\"wp-block-heading\"><strong>Beh\u00f6ver ni hj\u00e4lp med administration?<\/strong><\/h2>\n\n\n\n<p><strong>L\u00e5t mig&nbsp;frig\u00f6ra v\u00e4rdefull tid genom att sk\u00f6ta:<\/strong>&nbsp;<\/p>\n\n\n\n<ul class=\"wp-block-list\">\n<li>Transporter <\/li>\n\n\n\n<li>Upphandlingar&nbsp;<\/li>\n\n\n\n<li>Fakturering och enkel bokf\u00f6ring&nbsp;<\/li>\n\n\n\n<li>Ink\u00f6p av varor eller tj\u00e4nster&nbsp;<\/li>\n\n\n\n<li>Boka in m\u00f6ten, resor och hotell\u00a0<\/li>\n\n\n\n<li>Kundkontakt via mail, telefon&nbsp;eller skicka g\u00e5vor mm.&nbsp;<\/li>\n\n\n\n<li>Ta fram underlag och efters\u00f6kning online <\/li>\n<\/ul>\n\n\n\n<p>En egen sekreterare kan alla beh\u00f6va ibland och jag erbjuder min tid n\u00e4r ni beh\u00f6ver den som b\u00e4st. Du v\u00e4ljer hur m\u00e5nga timmar som \u00f6nskas.<\/p>\n\n\n\n<p>Genom att automatisera och effektivisera arbetsfl\u00f6den inom transport, order och logistik kan jag som tidigare trafikplanerare spara tid, minska kostnader och f\u00f6rb\u00e4ttra kundn\u00f6jdheten.<\/p>\n\n\n\n<p><strong>Ordermottagning och uppf\u00f6ljning av transporter:<\/strong><\/p>\n\n\n\n<ul class=\"wp-block-list\">\n<li>Ta emot och bearbeta inkommande best\u00e4llningar.<\/li>\n\n\n\n<li>Kontrollera lagerstatus och tillg\u00e4nglighet f\u00f6r att s\u00e4kerst\u00e4lla snabb leverans.<\/li>\n\n\n\n<li>Skicka orderbekr\u00e4ftelser till kunder.<\/li>\n\n\n\n<li><strong>Sp\u00e5rning av orderstatus<\/strong>:<\/li>\n\n\n\n<li>F\u00f6lj upp leveranser och ge kunder uppdateringar om deras best\u00e4llningar.<\/li>\n\n\n\n<li>Hantera eventuella f\u00f6rseningar och kommunicera med kunder och leverant\u00f6rer vid behov.<\/li>\n\n\n\n<li><strong>Returer och reklamationer<\/strong>:<\/li>\n\n\n\n<li>Hantera processer f\u00f6r returer, krediteringar och ers\u00e4ttningar.<\/li>\n\n\n\n<li>F\u00f6rbereda n\u00f6dv\u00e4ndiga dokument f\u00f6r smidiga returer.<\/li>\n\n\n\n<li><strong>Transportplanering<\/strong>:<\/li>\n\n\n\n<li>Organisera och optimera transportv\u00e4gar f\u00f6r att minska leveranstid och kostnader.<\/li>\n\n\n\n<li>Koordinera med olika transport\u00f6rer och spedit\u00f6rer f\u00f6r b\u00e4sta m\u00f6jliga l\u00f6sningar.<\/li>\n\n\n\n<li>Sp\u00e5ra frakter och s\u00e4kerst\u00e4lla att leveranser n\u00e5r r\u00e4tt plats i r\u00e4tt tid.<\/li>\n\n\n\n<li><strong>Problemhantering<\/strong>:<\/li>\n\n\n\n<li>L\u00f6sa problem relaterade till leveransf\u00f6rseningar, f\u00f6rlorade paket eller skadade varor.<\/li>\n\n\n\n<li>F\u00f6rhandla med transport\u00f6rer vid oplanerade kostnader eller avvikelse.<\/li>\n\n\n\n<li><strong>Leverant\u00f6r koordinering<\/strong>:<\/li>\n\n\n\n<li>Kommunicera med leverant\u00f6rer f\u00f6r att s\u00e4kerst\u00e4lla att varor levereras i tid.<\/li>\n\n\n\n<li>F\u00f6rhandla om priser och villkor f\u00f6r att h\u00e5lla kostnader nere.<\/li>\n\n\n\n<li>Underh\u00e5lla databaser med uppdaterad information om produkter, kunder och transport\u00f6rer.<\/li>\n<\/ul>\n","protected":false},"excerpt":{"rendered":"<p>Beh\u00f6ver ni hj\u00e4lp med administration? L\u00e5t mig&nbsp;frig\u00f6ra v\u00e4rdefull tid genom att sk\u00f6ta:&nbsp; En egen sekreterare kan alla beh\u00f6va ibland och jag erbjuder min tid n\u00e4r ni beh\u00f6ver den som b\u00e4st. Du v\u00e4ljer hur m\u00e5nga timmar som \u00f6nskas. Genom att automatisera och effektivisera arbetsfl\u00f6den inom transport, order och logistik kan jag som tidigare trafikplanerare spara tid, &#8230; <a title=\"Virtuell assistent \/ Transport\" class=\"read-more\" href=\"https:\/\/backstrands.nu\/?page_id=282\" aria-label=\"Mer p\u00e5 Virtuell assistent \/ Transport\">L\u00e4s mer<\/a><\/p>\n","protected":false},"author":1,"featured_media":0,"parent":0,"menu_order":0,"comment_status":"closed","ping_status":"closed","template":"","meta":{"footnotes":""},"class_list":["post-282","page","type-page","status-publish"],"_links":{"self":[{"href":"https:\/\/backstrands.nu\/index.php?rest_route=\/wp\/v2\/pages\/282","targetHints":{"allow":["GET"]}}],"collection":[{"href":"https:\/\/backstrands.nu\/index.php?rest_route=\/wp\/v2\/pages"}],"about":[{"href":"https:\/\/backstrands.nu\/index.php?rest_route=\/wp\/v2\/types\/page"}],"author":[{"embeddable":true,"href":"https:\/\/backstrands.nu\/index.php?rest_route=\/wp\/v2\/users\/1"}],"replies":[{"embeddable":true,"href":"https:\/\/backstrands.nu\/index.php?rest_route=%2Fwp%2Fv2%2Fcomments&post=282"}],"version-history":[{"count":11,"href":"https:\/\/backstrands.nu\/index.php?rest_route=\/wp\/v2\/pages\/282\/revisions"}],"predecessor-version":[{"id":515,"href":"https:\/\/backstrands.nu\/index.php?rest_route=\/wp\/v2\/pages\/282\/revisions\/515"}],"wp:attachment":[{"href":"https:\/\/backstrands.nu\/index.php?rest_route=%2Fwp%2Fv2%2Fmedia&parent=282"}],"curies":[{"name":"wp","href":"https:\/\/api.w.org\/{rel}","templated":true}]}}